{"id":3068,"date":"2025-11-25T09:58:16","date_gmt":"2025-11-25T09:58:16","guid":{"rendered":"https:\/\/tabletik.com\/?page_id=3068"},"modified":"2025-11-25T09:58:20","modified_gmt":"2025-11-25T09:58:20","slug":"aviso-legal","status":"publish","type":"page","link":"https:\/\/tabletik.com\/?page_id=3068","title":{"rendered":"Aviso Legal"},"content":{"rendered":"\n<p>INTERNET KIOSK S.L. A los efectos de cumplir con la Ley Sobre la Sociedad de la Informaci\u00f3n, es titular de esta web, Internet Kiosk, S.L, con domicilio social en Ctra de FUENCARRAL, 44, Edif 5 L21, 28108 Alcobendas, Madrid, inscrita en el Registro Mercantil de Madrid al Tomo 16.170 , Folio 110, Secci\u00f3n 8, Hoja M-274100 , Inscripci\u00f3n 1\u00aa, y provista de CIF B-82889320. Podr\u00e1 ponerse en contacto con nosotros, mediante comunicado al domicilio citado, a trav\u00e9s del tel\u00e9fono 902 180 585, o a trav\u00e9s de un correo electr\u00f3nico<\/p>\n\n\n\n<p><a href=\"mailto:info@internetkioskos.com\"><strong>info@internetkioskos.com<\/strong><\/a><\/p>\n\n\n\n<p><strong>CONDICIONES DE USO<\/strong><\/p>\n\n\n\n<p>Internet Kiosk, S.L , ofrece el acceso al sitio web&nbsp;<a href=\"http:\/\/www.internetkioskos.com\/\">www.internetkioskos.com<\/a>&nbsp;en las condiciones de uso que se describen a continuaci\u00f3n:<\/p>\n\n\n\n<p><strong>USUARIOS<\/strong><br>El acceso al sitio web&nbsp;<a href=\"http:\/\/www.internetkioskos.com\/\">www.internetkioskos.com<\/a>&nbsp;atribuye a quien lo realiza la condici\u00f3n de USUARIO y expresa la aceptaci\u00f3n plena y sin reservas por parte del USUARIO de todas y cada una de las presentes CONDICIONES DE USO, sin perjuicio de las condiciones particulares que sea preciso aplicar en el caso de que el USUARIO desee contratar alguno de los bienes y servicios que se le ofrecen.<\/p>\n\n\n\n<p>El sitio&nbsp;<a href=\"http:\/\/www.internetkioskos.com\/\">www.internetkioskos.com<\/a>&nbsp;facilita al USUARIO diversa informaci\u00f3n puesta a disposici\u00f3n por Internet Kiosk S.L o por terceros proveedores de servicios. La prestaci\u00f3n del servicio del Portal tiene car\u00e1cter gratuito en lo general. Ello no obstante, Internet Kiosk S.L se reserva la posibilidad de para prestar servicios privados mediante pago, condicionar el acceso a algunos servicios al previo registro del USUARIO, mediante la cumplimentaci\u00f3n del Formulario de Alta de Usuario, que se encuentra a disposici\u00f3n de quien desee registrarse como USUARIO REGISTRADO.<\/p>\n\n\n\n<p><strong>ALTA EN LOS SERVICIOS COMO USUARIO REGISTRADO<\/strong><br>Para acceder a determinados servicios ser\u00e1 preciso darse de alta como USUARIO REGISTRADO de&nbsp;<a href=\"http:\/\/www.internetkioskos.com\/\">www.internetkioskos.com<\/a>&nbsp;Los datos para cumplimentar el Formulario de Alta se facilitan de manera libre y voluntaria, de manera que los datos habr\u00e1n de ser ciertos y ajustados a la realidad.<\/p>\n\n\n\n<p>PROTECCION DE DATOS PERSONALES<br>Internet Kiosk S.L garantiza la seguridad y confidencialidad de los datos facilitados por cada USUARIO, cumpliendo con lo dispuesto en la Ley Org\u00e1nica 15\/1999, de 13 de Diciembre, de Protecci\u00f3n de Datos de Car\u00e1cter Personal y conforme al compromiso que adquiere al aplicar su Pol\u00edtica de Privacidad.<\/p>\n\n\n\n<p>A los efectos de lo previsto en la Legislaci\u00f3n espec\u00edfica en materia de Protecci\u00f3n de Datos de Car\u00e1cter Personal, Internet Kiosk S.L informa al interesado de la existencia de un fichero automatizado de datos de car\u00e1cter personal creado por Internet Kiosk S.L y bajo su responsabilidad con la finalidad de realizar labores de administraci\u00f3n de los accesos al portal de los usuarios registrados.<\/p>\n\n\n\n<p>Asimismo, se le informa sobre la posibilidad de ejercitar, ante el Responsable del Fichero, los derechos de acceso, rectificaci\u00f3n y cancelaci\u00f3n de los datos personales solicitados en el formulario de registro.<\/p>\n\n\n\n<p>Internet Kiosk, S.L se compromete al cumplimiento de su obligaci\u00f3n de secreto de los datos de car\u00e1cter personal y de su deber de guardarlos, y adoptar\u00e1 las medidas necesarias para evitar su alteraci\u00f3n, p\u00e9rdida, tratamiento o acceso no autorizado, salvo caso de fuerza mayor, imposibilidad sobrevenida y habida cuenta, en todo caso, el estado de la tecnolog\u00eda.<\/p>\n\n\n\n<p>Con la misma finalidad, el interesado consiente expresamente la cesi\u00f3n de los datos contenidos en el fichero automatizado a Internet Kiosk S.L.<\/p>\n\n\n\n<p><strong>PROPIEDAD INTELECTUAL E INDUSTRIAL<\/strong><br>Los derechos de propiedad intelectual e industrial contenidos en las p\u00e1ginas web de&nbsp;<a href=\"http:\/\/www.internetkioskos.com\/\">www.internetkioskos.com<\/a>, su dise\u00f1o gr\u00e1fico, as\u00ed como los nombres comerciales, marcas y signos distintivos son titularidad de Internet Kiosk S.L , salvo que en las mismas se indique que pertenecen a otro titular.<\/p>\n\n\n\n<p>Cualquier reproducci\u00f3n, distribuci\u00f3n, comercializaci\u00f3n o transformaci\u00f3n de los contenidos que no haya sido expresamente autorizada por sus titulares, constituye una infracci\u00f3n de los derechos de propiedad intelectual e industrial protegidos por la Ley.<\/p>\n\n\n\n<p><strong>CONTENIDO Y USO ADECUADO<\/strong><br>Asimismo, el USUARIO se compromete a realizar un buen uso de los contenidos y servicios de&nbsp;<a href=\"http:\/\/www.internetkioskos.com\/\">www.internetkioskos.com<\/a>, que nunca podr\u00e1n ser utilizados para actividades il\u00edcitas, o que puedan ser contrarias al orden p\u00fablico, la defensa nacional o la salud p\u00fablica. Cualquier utilizaci\u00f3n por parte del USUARIO de los contenidos y servicios habr\u00e1 de respetar los principios indicados en el p\u00e1rrafo anterior.<\/p>\n\n\n\n<p><strong>ENLACES<\/strong><br>Las p\u00e1ginas de&nbsp;<a href=\"http:\/\/www.internetkioskos.com\/\">www.internetkioskos.com<\/a>&nbsp;proporcionan enlaces a otros contenidos que son propiedad de terceros. El \u00fanico objeto de los enlaces es proporcionar al USUARIO la posibilidad de complementar la informaci\u00f3n a trav\u00e9s de dichos enlaces. Internet Kiosk S.L no se responsabiliza en ning\u00fan caso de los resultados que puedan derivarse al USUARIO por acceso a dichos enlaces.<\/p>\n\n\n\n<p><strong>EMPLEO DE \u201cCOOKIES\u201d<\/strong><br><a href=\"http:\/\/www.internetkioskos.com\/\">www.internetkioskos.com<\/a>&nbsp;utiliza \u201ccookies\u201d para facilitar la navegaci\u00f3n a trav\u00e9s de sus p\u00e1ginas web, de manera que permiten reconocer al USUARIO REGISTRADO, quien no tendr\u00e1 que volver a registrarse en cada visita, una vez que se ha registrado por primera vez.<\/p>\n\n\n\n<p>Una \u201ccookie\u201d es un peque\u00f1o fichero de datos que se aloja en el ordenador del USUARIO, sin que pueda leer los datos del disco duro del ordenador, ni otras cookies creadas por otros prestadores de servicios. Las \u201ccookies\u201d permiten personalizar los servicios y los contenidos a la medida de cada USUARIO, as\u00ed como medir la audiencia de las p\u00e1ginas de&nbsp;<a href=\"http:\/\/www.internetkioskos.com\/\">www.internetkioskos.com<\/a>&nbsp;La informaci\u00f3n obtenida a trav\u00e9s de estas \u201ccookies\u201d es de car\u00e1cter an\u00f3nimo, de forma que no podr\u00e1 ser asociada a ning\u00fan USUARIO, ni permitir\u00e1 identificar su nombre y apellidos.<\/p>\n\n\n\n<p>El USUARIO tiene la posibilidad de configurar el navegador de su ordenador de acuerdo a sus necesidades personales, de manera que pueda advertir de la recepci\u00f3n de \u201ccookies\u201d e impedir la instalaci\u00f3n de las mismas en el disco duro.<\/p>\n\n\n\n<p><strong>EXCLUSION DE GARANTIAS Y RESPONSABILIDADES<\/strong><br>El acceso y la utilizaci\u00f3n de las p\u00e1ginas de&nbsp;<a href=\"http:\/\/www.internetkioskos.com\/\">www.internetkioskos.com<\/a>&nbsp;se realizar\u00e1n bajo la \u00fanica y exclusiva responsabilidad del USUARIO.<\/p>\n\n\n\n<p>Internet Kiosk S.L. no garantiza ni se responsabiliza de los da\u00f1os y perjuicios de toda naturaleza que se deban a las siguientes circunstancias:<\/p>\n\n\n\n<ul class=\"wp-block-list\">\n<li>\u00a0\u00a0\u00a0 La falta de continuidad del funcionamiento de\u00a0<a href=\"http:\/\/www.internetkioskos.com\/\">www.internetkioskos.com<\/a>, as\u00ed como al funcionamiento incorrecto de las p\u00e1ginas web.<\/li>\n\n\n\n<li>\u00a0\u00a0\u00a0 La falta de utilidad, adecuaci\u00f3n o validez de los servicios y contenidos que se ofrecen en\u00a0<a href=\"http:\/\/www.internetkioskos.com\/\">www.internetkioskos.com<\/a>, respecto a los resultados y expectativas del USUARIO.<\/li>\n\n\n\n<li>\u00a0\u00a0\u00a0 La existencia de virus o programas en el ordenador del USUARIO<\/li>\n<\/ul>\n\n\n\n<p><strong>JURISDICCION Y LEGISLACION APLICABLE<\/strong><br>Las presentes Condiciones de Uso se regir\u00e1n por lo dispuesto en la legislaci\u00f3n espa\u00f1ola.<\/p>\n\n\n\n<p>En el caso de que se produzca cualquier discrepancia o controversia con motivo de la interpretaci\u00f3n o la aplicaci\u00f3n de las presentes Condiciones de Uso, Internet Kiosk S.L y el USUARIO, con renuncia expresa a cualquier otro fuero que pudiera corresponderles, se someten a la jurisdicci\u00f3n de los Juzgados y Tribunales del domicilio del USUARIO. En el supuesto de que el USUARIO tenga su domicilio fuera de Espa\u00f1a, Internet Kiosk S.L y el USUARIO, con renuncia expresa a cualquier otro fuero que pudiera corresponderles, se someten a la jurisdicci\u00f3n de los Juzgados y Tribunales de la villa de Madrid.<\/p>\n","protected":false},"excerpt":{"rendered":"<p>INTERNET KIOSK S.L. A los efectos de cumplir con la Ley Sobre la Sociedad de la Informaci\u00f3n, es titular de esta web, Internet Kiosk, S.L, con domicilio social en Ctra de FUENCARRAL, 44, Edif 5 L21, 28108 Alcobendas, Madrid, inscrita en el Registro Mercantil de Madrid al Tomo 16.170 , Folio 110, Secci\u00f3n 8, Hoja [&hellip;]<\/p>\n","protected":false},"author":2,"featured_media":0,"parent":0,"menu_order":0,"comment_status":"closed","ping_status":"closed","template":"","meta":{"_uag_custom_page_level_css":"","site-sidebar-layout":"default","site-content-layout":"","ast-site-content-layout":"default","site-content-style":"default","site-sidebar-style":"default","ast-global-header-display":"","ast-banner-title-visibility":"","ast-main-header-display":"","ast-hfb-above-header-display":"","ast-hfb-below-header-display":"","ast-hfb-mobile-header-display":"","site-post-title":"","ast-breadcrumbs-content":"","ast-featured-img":"","footer-sml-layout":"","theme-transparent-header-meta":"","adv-header-id-meta":"","stick-header-meta":"","header-above-stick-meta":"","header-main-stick-meta":"","header-below-stick-meta":"","astra-migrate-meta-layouts":"set","ast-page-background-enabled":"default","ast-page-background-meta":{"desktop":{"background-color":"var(--ast-global-color-4)","background-image":"","background-repeat":"repeat","background-position":"center center","background-size":"auto","background-attachment":"scroll","background-type":"","background-media":"","overlay-type":"","overlay-color":"","overlay-opacity":"","overlay-gradient":""},"tablet":{"background-color":"","background-image":"","background-repeat":"repeat","background-position":"center center","background-size":"auto","background-attachment":"scroll","background-type":"","background-media":"","overlay-type":"","overlay-color":"","overlay-opacity":"","overlay-gradient":""},"mobile":{"background-color":"","background-image":"","background-repeat":"repeat","background-position":"center center","background-size":"auto","background-attachment":"scroll","background-type":"","background-media":"","overlay-type":"","overlay-color":"","overlay-opacity":"","overlay-gradient":""}},"ast-content-background-meta":{"desktop":{"background-color":"var(--ast-global-color-5)","background-image":"","background-repeat":"repeat","background-position":"center center","background-size":"auto","background-attachment":"scroll","background-type":"","background-media":"","overlay-type":"","overlay-color":"","overlay-opacity":"","overlay-gradient":""},"tablet":{"background-color":"var(--ast-global-color-5)","background-image":"","background-repeat":"repeat","background-position":"center center","background-size":"auto","background-attachment":"scroll","background-type":"","background-media":"","overlay-type":"","overlay-color":"","overlay-opacity":"","overlay-gradient":""},"mobile":{"background-color":"var(--ast-global-color-5)","background-image":"","background-repeat":"repeat","background-position":"center center","background-size":"auto","background-attachment":"scroll","background-type":"","background-media":"","overlay-type":"","overlay-color":"","overlay-opacity":"","overlay-gradient":""}},"footnotes":""},"class_list":["post-3068","page","type-page","status-publish","hentry"],"yoast_head":"<!-- This site is optimized with the Yoast SEO plugin v25.2 - https:\/\/yoast.com\/wordpress\/plugins\/seo\/ -->\n<title>Aviso Legal - Tabletik<\/title>\n<meta name=\"robots\" content=\"index, follow, max-snippet:-1, max-image-preview:large, max-video-preview:-1\" \/>\n<link rel=\"canonical\" href=\"https:\/\/tabletik.com\/?page_id=3068\" \/>\n<meta property=\"og:locale\" content=\"es_ES\" \/>\n<meta property=\"og:type\" content=\"article\" \/>\n<meta property=\"og:title\" content=\"Aviso Legal - Tabletik\" \/>\n<meta property=\"og:description\" content=\"INTERNET KIOSK S.L. A los efectos de cumplir con la Ley Sobre la Sociedad de la Informaci\u00f3n, es titular de esta web, Internet Kiosk, S.L, con domicilio social en Ctra de FUENCARRAL, 44, Edif 5 L21, 28108 Alcobendas, Madrid, inscrita en el Registro Mercantil de Madrid al Tomo 16.170 , Folio 110, Secci\u00f3n 8, Hoja [&hellip;]\" \/>\n<meta property=\"og:url\" content=\"https:\/\/tabletik.com\/?page_id=3068\" \/>\n<meta property=\"og:site_name\" content=\"Tabletik\" \/>\n<meta property=\"article:modified_time\" content=\"2025-11-25T09:58:20+00:00\" \/>\n<meta name=\"twitter:card\" content=\"summary_large_image\" \/>\n<meta name=\"twitter:label1\" content=\"Tiempo de lectura\" \/>\n\t<meta name=\"twitter:data1\" content=\"6 minutos\" \/>\n<script type=\"application\/ld+json\" class=\"yoast-schema-graph\">{\"@context\":\"https:\/\/schema.org\",\"@graph\":[{\"@type\":\"WebPage\",\"@id\":\"https:\/\/tabletik.com\/?page_id=3068\",\"url\":\"https:\/\/tabletik.com\/?page_id=3068\",\"name\":\"Aviso Legal - Tabletik\",\"isPartOf\":{\"@id\":\"https:\/\/tabletik.com\/#website\"},\"datePublished\":\"2025-11-25T09:58:16+00:00\",\"dateModified\":\"2025-11-25T09:58:20+00:00\",\"breadcrumb\":{\"@id\":\"https:\/\/tabletik.com\/?page_id=3068#breadcrumb\"},\"inLanguage\":\"es\",\"potentialAction\":[{\"@type\":\"ReadAction\",\"target\":[\"https:\/\/tabletik.com\/?page_id=3068\"]}]},{\"@type\":\"BreadcrumbList\",\"@id\":\"https:\/\/tabletik.com\/?page_id=3068#breadcrumb\",\"itemListElement\":[{\"@type\":\"ListItem\",\"position\":1,\"name\":\"Home\",\"item\":\"https:\/\/tabletik.com\/\"},{\"@type\":\"ListItem\",\"position\":2,\"name\":\"Aviso Legal\"}]},{\"@type\":\"WebSite\",\"@id\":\"https:\/\/tabletik.com\/#website\",\"url\":\"https:\/\/tabletik.com\/\",\"name\":\"Tabletik\",\"description\":\"TABLETIK\",\"publisher\":{\"@id\":\"https:\/\/tabletik.com\/#organization\"},\"potentialAction\":[{\"@type\":\"SearchAction\",\"target\":{\"@type\":\"EntryPoint\",\"urlTemplate\":\"https:\/\/tabletik.com\/?s={search_term_string}\"},\"query-input\":{\"@type\":\"PropertyValueSpecification\",\"valueRequired\":true,\"valueName\":\"search_term_string\"}}],\"inLanguage\":\"es\"},{\"@type\":\"Organization\",\"@id\":\"https:\/\/tabletik.com\/#organization\",\"name\":\"Tabletik\",\"url\":\"https:\/\/tabletik.com\/\",\"logo\":{\"@type\":\"ImageObject\",\"inLanguage\":\"es\",\"@id\":\"https:\/\/tabletik.com\/#\/schema\/logo\/image\/\",\"url\":\"https:\/\/tabletik.com\/wp-content\/uploads\/2025\/05\/TABLETIK.svg\",\"contentUrl\":\"https:\/\/tabletik.com\/wp-content\/uploads\/2025\/05\/TABLETIK.svg\",\"width\":364,\"height\":45,\"caption\":\"Tabletik\"},\"image\":{\"@id\":\"https:\/\/tabletik.com\/#\/schema\/logo\/image\/\"}}]}<\/script>\n<!-- \/ Yoast SEO plugin. -->","yoast_head_json":{"title":"Aviso Legal - Tabletik","robots":{"index":"index","follow":"follow","max-snippet":"max-snippet:-1","max-image-preview":"max-image-preview:large","max-video-preview":"max-video-preview:-1"},"canonical":"https:\/\/tabletik.com\/?page_id=3068","og_locale":"es_ES","og_type":"article","og_title":"Aviso Legal - Tabletik","og_description":"INTERNET KIOSK S.L. A los efectos de cumplir con la Ley Sobre la Sociedad de la Informaci\u00f3n, es titular de esta web, Internet Kiosk, S.L, con domicilio social en Ctra de FUENCARRAL, 44, Edif 5 L21, 28108 Alcobendas, Madrid, inscrita en el Registro Mercantil de Madrid al Tomo 16.170 , Folio 110, Secci\u00f3n 8, Hoja [&hellip;]","og_url":"https:\/\/tabletik.com\/?page_id=3068","og_site_name":"Tabletik","article_modified_time":"2025-11-25T09:58:20+00:00","twitter_card":"summary_large_image","twitter_misc":{"Tiempo de lectura":"6 minutos"},"schema":{"@context":"https:\/\/schema.org","@graph":[{"@type":"WebPage","@id":"https:\/\/tabletik.com\/?page_id=3068","url":"https:\/\/tabletik.com\/?page_id=3068","name":"Aviso Legal - Tabletik","isPartOf":{"@id":"https:\/\/tabletik.com\/#website"},"datePublished":"2025-11-25T09:58:16+00:00","dateModified":"2025-11-25T09:58:20+00:00","breadcrumb":{"@id":"https:\/\/tabletik.com\/?page_id=3068#breadcrumb"},"inLanguage":"es","potentialAction":[{"@type":"ReadAction","target":["https:\/\/tabletik.com\/?page_id=3068"]}]},{"@type":"BreadcrumbList","@id":"https:\/\/tabletik.com\/?page_id=3068#breadcrumb","itemListElement":[{"@type":"ListItem","position":1,"name":"Home","item":"https:\/\/tabletik.com\/"},{"@type":"ListItem","position":2,"name":"Aviso Legal"}]},{"@type":"WebSite","@id":"https:\/\/tabletik.com\/#website","url":"https:\/\/tabletik.com\/","name":"Tabletik","description":"TABLETIK","publisher":{"@id":"https:\/\/tabletik.com\/#organization"},"potentialAction":[{"@type":"SearchAction","target":{"@type":"EntryPoint","urlTemplate":"https:\/\/tabletik.com\/?s={search_term_string}"},"query-input":{"@type":"PropertyValueSpecification","valueRequired":true,"valueName":"search_term_string"}}],"inLanguage":"es"},{"@type":"Organization","@id":"https:\/\/tabletik.com\/#organization","name":"Tabletik","url":"https:\/\/tabletik.com\/","logo":{"@type":"ImageObject","inLanguage":"es","@id":"https:\/\/tabletik.com\/#\/schema\/logo\/image\/","url":"https:\/\/tabletik.com\/wp-content\/uploads\/2025\/05\/TABLETIK.svg","contentUrl":"https:\/\/tabletik.com\/wp-content\/uploads\/2025\/05\/TABLETIK.svg","width":364,"height":45,"caption":"Tabletik"},"image":{"@id":"https:\/\/tabletik.com\/#\/schema\/logo\/image\/"}}]}},"uagb_featured_image_src":{"full":false,"thumbnail":false,"medium":false,"medium_large":false,"large":false,"1536x1536":false,"2048x2048":false},"uagb_author_info":{"display_name":"Internet Kioscos","author_link":"https:\/\/tabletik.com\/?author=2"},"uagb_comment_info":0,"uagb_excerpt":"INTERNET KIOSK S.L. A los efectos de cumplir con la Ley Sobre la Sociedad de la Informaci\u00f3n, es titular de esta web, Internet Kiosk, S.L, con domicilio social en Ctra de FUENCARRAL, 44, Edif 5 L21, 28108 Alcobendas, Madrid, inscrita en el Registro Mercantil de Madrid al Tomo 16.170 , Folio 110, Secci\u00f3n 8, Hoja&hellip;","_links":{"self":[{"href":"https:\/\/tabletik.com\/index.php?rest_route=\/wp\/v2\/pages\/3068","targetHints":{"allow":["GET"]}}],"collection":[{"href":"https:\/\/tabletik.com\/index.php?rest_route=\/wp\/v2\/pages"}],"about":[{"href":"https:\/\/tabletik.com\/index.php?rest_route=\/wp\/v2\/types\/page"}],"author":[{"embeddable":true,"href":"https:\/\/tabletik.com\/index.php?rest_route=\/wp\/v2\/users\/2"}],"replies":[{"embeddable":true,"href":"https:\/\/tabletik.com\/index.php?rest_route=%2Fwp%2Fv2%2Fcomments&post=3068"}],"version-history":[{"count":1,"href":"https:\/\/tabletik.com\/index.php?rest_route=\/wp\/v2\/pages\/3068\/revisions"}],"predecessor-version":[{"id":3069,"href":"https:\/\/tabletik.com\/index.php?rest_route=\/wp\/v2\/pages\/3068\/revisions\/3069"}],"wp:attachment":[{"href":"https:\/\/tabletik.com\/index.php?rest_route=%2Fwp%2Fv2%2Fmedia&parent=3068"}],"curies":[{"name":"wp","href":"https:\/\/api.w.org\/{rel}","templated":true}]}}