{"id":3066,"date":"2025-11-25T09:57:42","date_gmt":"2025-11-25T09:57:42","guid":{"rendered":"https:\/\/tabletik.com\/?page_id=3066"},"modified":"2025-11-25T09:57:46","modified_gmt":"2025-11-25T09:57:46","slug":"politica-de-cookies","status":"publish","type":"page","link":"https:\/\/tabletik.com\/?page_id=3066","title":{"rendered":"Pol\u00edtica de Cookies"},"content":{"rendered":"\n<p>Nuestra web utiliza cookies propias y de terceros con la finalidad de mejorar los servicios de navegaci\u00f3n. Usted puede rechazar o deshabilitar el uso de las cookies a trav\u00e9s de las opciones de su navegador, tal y como se indica en el presente documento.<\/p>\n\n\n\n<p>Las cookies son ficheros de texto que el sitio web env\u00eda al navegador y que se almacenan en el equipo del usuario con la finalidad de almacenar y recuperar informaci\u00f3n sobre la navegaci\u00f3n que se realiza desde ese equipo (ordenador, tel\u00e9fono m\u00f3vil, tablet etc\u2026).<\/p>\n\n\n\n<p>En funci\u00f3n de su permanencia y de la finalidad para la que se utilicen los datos obtenidos a trav\u00e9s de las cookies, existen varios tipos.<\/p>\n\n\n\n<p>As\u00ed, inicialmente las cookies pueden ser \u201cde sesi\u00f3n\u201d, que expiran cuando el usuario acaba la navegaci\u00f3n y cierra el explorador, y \u201cpermanentes\u201d que expiran cuando hayan cumplido la funci\u00f3n para que est\u00e1n concebidas o cuando el usuario las borra.<\/p>\n\n\n\n<p>Igualmente, dependiendo de la finalidad para la que se utilizan, las cookies pueden ser:<\/p>\n\n\n\n<ul class=\"wp-block-list\">\n<li><strong>Cookies anal\u00edticas<\/strong>\u00a0\u2013 Las cookies anal\u00edticas recogen informaci\u00f3n para evaluar el uso que usted hace de la Web y la actividad general de la misma. La anal\u00edtica de la Web es la medida, recolecci\u00f3n, an\u00e1lisis y creaci\u00f3n de informes de los datos de Internet con el prop\u00f3sito de entender y optimizar el uso de sitio Web.<\/li>\n\n\n\n<li><strong>Cookies sociales<\/strong>\u00a0\u2013 Las cookies sociales son necesarias para las redes sociales externas (Facebook, Google, Twitter, Pinterest,\u2026). Su funci\u00f3n es controlar la interacci\u00f3n con los widgets sociales dentro de la p\u00e1gina.<\/li>\n\n\n\n<li>Cookies de afiliados \u2013 Las cookies de afiliados permiten hacer un seguimiento de las visitas procedentes de otras webs.<\/li>\n\n\n\n<li><strong>Cookies de publicidad y comportamentales<\/strong>\u00a0\u2013 Las cookies de publicidad y comportamentales recogen informaci\u00f3n sobre sus preferencias y elecciones personales en este sitio Web. Permiten adecuar el contenido de la publicidad para que esta sea relevante para el usuario y para evitar mostrar anuncios que el usuario ya haya visto.<\/li>\n\n\n\n<li><strong>Cookies t\u00e9cnicas<\/strong>\u00a0\u2013 Las cookies t\u00e9cnicas son las estrictamente necesarias para el uso de este sitio Web, permiten al usuario la navegaci\u00f3n a trav\u00e9s de la p\u00e1gina Web o aplicaci\u00f3n y la utilizaci\u00f3n de las diferentes opciones o servicios que en ella existen.<\/li>\n\n\n\n<li><strong>Cookies de personalizaci\u00f3n<\/strong>\u00a0\u2013 Son aqu\u00e9llas que permiten al usuario acceder al servicio con algunas caracter\u00edsticas de car\u00e1cter general predefinidas en su terminal o que el propio usuario defina. Por ejemplo, el idioma, el tipo de navegador a trav\u00e9s del cual accede al servicio, el dise\u00f1o de contenidos seleccionado, geo-localizaci\u00f3n del terminal y la configuraci\u00f3n regional desde donde se accede al servicio.<\/li>\n\n\n\n<li><strong>Cookies de terceros<\/strong>\u00a0\u2013 En algunas p\u00e1ginas Web se pueden instalar cookies de terceros que permiten gestionar y mejorar los servicios ofrecidos<\/li>\n<\/ul>\n\n\n\n<p>Para gestionar la actividad de las cookies desde su equipo, usted puede aceptarlas expresamente, bloquearlas o eliminarlas. En caso de que no lo haga y siga navegando en la web, entenderemos que las acepta.<\/p>\n\n\n\n<p>Para llevar a cabo la gesti\u00f3n de las cookies deber\u00e1 seguir las siguientes instrucciones:<\/p>\n\n\n\n<p>Internet Explorer: Herramientas -&gt; Opciones de Internet -&gt; Privacidad -&gt; Configuraci\u00f3n.<\/p>\n\n\n\n<p>Para m\u00e1s informaci\u00f3n, puede consultar el soporte de Microsoft o la Ayuda del navegador.<\/p>\n\n\n\n<p>Firefox: Herramientas -&gt; Opciones -&gt; Privacidad -&gt; Historial -&gt; Configuraci\u00f3n Personalizada.<\/p>\n\n\n\n<p>Para m\u00e1s informaci\u00f3n, puede consultar el soporte de Mozilla o la Ayuda del navegador.<\/p>\n\n\n\n<p>Chrome: Configuraci\u00f3n -&gt; Mostrar opciones avanzadas -&gt; Privacidad -&gt; Configuraci\u00f3n de contenido.<\/p>\n\n\n\n<p>Para m\u00e1s informaci\u00f3n, puede consultar el soporte de Google o la Ayuda del navegador.<\/p>\n\n\n\n<p>Safari: Preferencias -&gt; Seguridad.<\/p>\n\n\n\n<p>El bloqueo del uso de cookies en su navegaci\u00f3n, puede hacer que algunos servicios o funciones del sitio web no est\u00e9n disponibles.<\/p>\n","protected":false},"excerpt":{"rendered":"<p>Nuestra web utiliza cookies propias y de terceros con la finalidad de mejorar los servicios de navegaci\u00f3n. Usted puede rechazar o deshabilitar el uso de las cookies a trav\u00e9s de las opciones de su navegador, tal y como se indica en el presente documento. Las cookies son ficheros de texto que el sitio web env\u00eda [&hellip;]<\/p>\n","protected":false},"author":2,"featured_media":0,"parent":0,"menu_order":0,"comment_status":"closed","ping_status":"closed","template":"","meta":{"_uag_custom_page_level_css":"","site-sidebar-layout":"default","site-content-layout":"","ast-site-content-layout":"default","site-content-style":"default","site-sidebar-style":"default","ast-global-header-display":"","ast-banner-title-visibility":"","ast-main-header-display":"","ast-hfb-above-header-display":"","ast-hfb-below-header-display":"","ast-hfb-mobile-header-display":"","site-post-title":"","ast-breadcrumbs-content":"","ast-featured-img":"","footer-sml-layout":"","theme-transparent-header-meta":"","adv-header-id-meta":"","stick-header-meta":"","header-above-stick-meta":"","header-main-stick-meta":"","header-below-stick-meta":"","astra-migrate-meta-layouts":"set","ast-page-background-enabled":"default","ast-page-background-meta":{"desktop":{"background-color":"var(--ast-global-color-4)","background-image":"","background-repeat":"repeat","background-position":"center center","background-size":"auto","background-attachment":"scroll","background-type":"","background-media":"","overlay-type":"","overlay-color":"","overlay-opacity":"","overlay-gradient":""},"tablet":{"background-color":"","background-image":"","background-repeat":"repeat","background-position":"center center","background-size":"auto","background-attachment":"scroll","background-type":"","background-media":"","overlay-type":"","overlay-color":"","overlay-opacity":"","overlay-gradient":""},"mobile":{"background-color":"","background-image":"","background-repeat":"repeat","background-position":"center center","background-size":"auto","background-attachment":"scroll","background-type":"","background-media":"","overlay-type":"","overlay-color":"","overlay-opacity":"","overlay-gradient":""}},"ast-content-background-meta":{"desktop":{"background-color":"var(--ast-global-color-5)","background-image":"","background-repeat":"repeat","background-position":"center center","background-size":"auto","background-attachment":"scroll","background-type":"","background-media":"","overlay-type":"","overlay-color":"","overlay-opacity":"","overlay-gradient":""},"tablet":{"background-color":"var(--ast-global-color-5)","background-image":"","background-repeat":"repeat","background-position":"center center","background-size":"auto","background-attachment":"scroll","background-type":"","background-media":"","overlay-type":"","overlay-color":"","overlay-opacity":"","overlay-gradient":""},"mobile":{"background-color":"var(--ast-global-color-5)","background-image":"","background-repeat":"repeat","background-position":"center center","background-size":"auto","background-attachment":"scroll","background-type":"","background-media":"","overlay-type":"","overlay-color":"","overlay-opacity":"","overlay-gradient":""}},"footnotes":""},"class_list":["post-3066","page","type-page","status-publish","hentry"],"yoast_head":"<!-- This site is optimized with the Yoast SEO plugin v25.2 - https:\/\/yoast.com\/wordpress\/plugins\/seo\/ -->\n<title>Pol\u00edtica de Cookies - Tabletik<\/title>\n<meta name=\"robots\" content=\"index, follow, max-snippet:-1, max-image-preview:large, max-video-preview:-1\" \/>\n<link rel=\"canonical\" href=\"https:\/\/tabletik.com\/?page_id=3066\" \/>\n<meta property=\"og:locale\" content=\"es_ES\" \/>\n<meta property=\"og:type\" content=\"article\" \/>\n<meta property=\"og:title\" content=\"Pol\u00edtica de Cookies - Tabletik\" \/>\n<meta property=\"og:description\" content=\"Nuestra web utiliza cookies propias y de terceros con la finalidad de mejorar los servicios de navegaci\u00f3n. Usted puede rechazar o deshabilitar el uso de las cookies a trav\u00e9s de las opciones de su navegador, tal y como se indica en el presente documento. Las cookies son ficheros de texto que el sitio web env\u00eda [&hellip;]\" \/>\n<meta property=\"og:url\" content=\"https:\/\/tabletik.com\/?page_id=3066\" \/>\n<meta property=\"og:site_name\" content=\"Tabletik\" \/>\n<meta property=\"article:modified_time\" content=\"2025-11-25T09:57:46+00:00\" \/>\n<meta name=\"twitter:card\" content=\"summary_large_image\" \/>\n<meta name=\"twitter:label1\" content=\"Tiempo de lectura\" \/>\n\t<meta name=\"twitter:data1\" content=\"3 minutos\" \/>\n<script type=\"application\/ld+json\" class=\"yoast-schema-graph\">{\"@context\":\"https:\/\/schema.org\",\"@graph\":[{\"@type\":\"WebPage\",\"@id\":\"https:\/\/tabletik.com\/?page_id=3066\",\"url\":\"https:\/\/tabletik.com\/?page_id=3066\",\"name\":\"Pol\u00edtica de Cookies - Tabletik\",\"isPartOf\":{\"@id\":\"https:\/\/tabletik.com\/#website\"},\"datePublished\":\"2025-11-25T09:57:42+00:00\",\"dateModified\":\"2025-11-25T09:57:46+00:00\",\"breadcrumb\":{\"@id\":\"https:\/\/tabletik.com\/?page_id=3066#breadcrumb\"},\"inLanguage\":\"es\",\"potentialAction\":[{\"@type\":\"ReadAction\",\"target\":[\"https:\/\/tabletik.com\/?page_id=3066\"]}]},{\"@type\":\"BreadcrumbList\",\"@id\":\"https:\/\/tabletik.com\/?page_id=3066#breadcrumb\",\"itemListElement\":[{\"@type\":\"ListItem\",\"position\":1,\"name\":\"Home\",\"item\":\"https:\/\/tabletik.com\/\"},{\"@type\":\"ListItem\",\"position\":2,\"name\":\"Pol\u00edtica de Cookies\"}]},{\"@type\":\"WebSite\",\"@id\":\"https:\/\/tabletik.com\/#website\",\"url\":\"https:\/\/tabletik.com\/\",\"name\":\"Tabletik\",\"description\":\"TABLETIK\",\"publisher\":{\"@id\":\"https:\/\/tabletik.com\/#organization\"},\"potentialAction\":[{\"@type\":\"SearchAction\",\"target\":{\"@type\":\"EntryPoint\",\"urlTemplate\":\"https:\/\/tabletik.com\/?s={search_term_string}\"},\"query-input\":{\"@type\":\"PropertyValueSpecification\",\"valueRequired\":true,\"valueName\":\"search_term_string\"}}],\"inLanguage\":\"es\"},{\"@type\":\"Organization\",\"@id\":\"https:\/\/tabletik.com\/#organization\",\"name\":\"Tabletik\",\"url\":\"https:\/\/tabletik.com\/\",\"logo\":{\"@type\":\"ImageObject\",\"inLanguage\":\"es\",\"@id\":\"https:\/\/tabletik.com\/#\/schema\/logo\/image\/\",\"url\":\"https:\/\/tabletik.com\/wp-content\/uploads\/2025\/05\/TABLETIK.svg\",\"contentUrl\":\"https:\/\/tabletik.com\/wp-content\/uploads\/2025\/05\/TABLETIK.svg\",\"width\":364,\"height\":45,\"caption\":\"Tabletik\"},\"image\":{\"@id\":\"https:\/\/tabletik.com\/#\/schema\/logo\/image\/\"}}]}<\/script>\n<!-- \/ Yoast SEO plugin. -->","yoast_head_json":{"title":"Pol\u00edtica de Cookies - Tabletik","robots":{"index":"index","follow":"follow","max-snippet":"max-snippet:-1","max-image-preview":"max-image-preview:large","max-video-preview":"max-video-preview:-1"},"canonical":"https:\/\/tabletik.com\/?page_id=3066","og_locale":"es_ES","og_type":"article","og_title":"Pol\u00edtica de Cookies - Tabletik","og_description":"Nuestra web utiliza cookies propias y de terceros con la finalidad de mejorar los servicios de navegaci\u00f3n. Usted puede rechazar o deshabilitar el uso de las cookies a trav\u00e9s de las opciones de su navegador, tal y como se indica en el presente documento. Las cookies son ficheros de texto que el sitio web env\u00eda [&hellip;]","og_url":"https:\/\/tabletik.com\/?page_id=3066","og_site_name":"Tabletik","article_modified_time":"2025-11-25T09:57:46+00:00","twitter_card":"summary_large_image","twitter_misc":{"Tiempo de lectura":"3 minutos"},"schema":{"@context":"https:\/\/schema.org","@graph":[{"@type":"WebPage","@id":"https:\/\/tabletik.com\/?page_id=3066","url":"https:\/\/tabletik.com\/?page_id=3066","name":"Pol\u00edtica de Cookies - Tabletik","isPartOf":{"@id":"https:\/\/tabletik.com\/#website"},"datePublished":"2025-11-25T09:57:42+00:00","dateModified":"2025-11-25T09:57:46+00:00","breadcrumb":{"@id":"https:\/\/tabletik.com\/?page_id=3066#breadcrumb"},"inLanguage":"es","potentialAction":[{"@type":"ReadAction","target":["https:\/\/tabletik.com\/?page_id=3066"]}]},{"@type":"BreadcrumbList","@id":"https:\/\/tabletik.com\/?page_id=3066#breadcrumb","itemListElement":[{"@type":"ListItem","position":1,"name":"Home","item":"https:\/\/tabletik.com\/"},{"@type":"ListItem","position":2,"name":"Pol\u00edtica de Cookies"}]},{"@type":"WebSite","@id":"https:\/\/tabletik.com\/#website","url":"https:\/\/tabletik.com\/","name":"Tabletik","description":"TABLETIK","publisher":{"@id":"https:\/\/tabletik.com\/#organization"},"potentialAction":[{"@type":"SearchAction","target":{"@type":"EntryPoint","urlTemplate":"https:\/\/tabletik.com\/?s={search_term_string}"},"query-input":{"@type":"PropertyValueSpecification","valueRequired":true,"valueName":"search_term_string"}}],"inLanguage":"es"},{"@type":"Organization","@id":"https:\/\/tabletik.com\/#organization","name":"Tabletik","url":"https:\/\/tabletik.com\/","logo":{"@type":"ImageObject","inLanguage":"es","@id":"https:\/\/tabletik.com\/#\/schema\/logo\/image\/","url":"https:\/\/tabletik.com\/wp-content\/uploads\/2025\/05\/TABLETIK.svg","contentUrl":"https:\/\/tabletik.com\/wp-content\/uploads\/2025\/05\/TABLETIK.svg","width":364,"height":45,"caption":"Tabletik"},"image":{"@id":"https:\/\/tabletik.com\/#\/schema\/logo\/image\/"}}]}},"uagb_featured_image_src":{"full":false,"thumbnail":false,"medium":false,"medium_large":false,"large":false,"1536x1536":false,"2048x2048":false},"uagb_author_info":{"display_name":"Internet Kioscos","author_link":"https:\/\/tabletik.com\/?author=2"},"uagb_comment_info":0,"uagb_excerpt":"Nuestra web utiliza cookies propias y de terceros con la finalidad de mejorar los servicios de navegaci\u00f3n. Usted puede rechazar o deshabilitar el uso de las cookies a trav\u00e9s de las opciones de su navegador, tal y como se indica en el presente documento. Las cookies son ficheros de texto que el sitio web env\u00eda&hellip;","_links":{"self":[{"href":"https:\/\/tabletik.com\/index.php?rest_route=\/wp\/v2\/pages\/3066","targetHints":{"allow":["GET"]}}],"collection":[{"href":"https:\/\/tabletik.com\/index.php?rest_route=\/wp\/v2\/pages"}],"about":[{"href":"https:\/\/tabletik.com\/index.php?rest_route=\/wp\/v2\/types\/page"}],"author":[{"embeddable":true,"href":"https:\/\/tabletik.com\/index.php?rest_route=\/wp\/v2\/users\/2"}],"replies":[{"embeddable":true,"href":"https:\/\/tabletik.com\/index.php?rest_route=%2Fwp%2Fv2%2Fcomments&post=3066"}],"version-history":[{"count":1,"href":"https:\/\/tabletik.com\/index.php?rest_route=\/wp\/v2\/pages\/3066\/revisions"}],"predecessor-version":[{"id":3067,"href":"https:\/\/tabletik.com\/index.php?rest_route=\/wp\/v2\/pages\/3066\/revisions\/3067"}],"wp:attachment":[{"href":"https:\/\/tabletik.com\/index.php?rest_route=%2Fwp%2Fv2%2Fmedia&parent=3066"}],"curies":[{"name":"wp","href":"https:\/\/api.w.org\/{rel}","templated":true}]}}