{"id":107,"date":"2025-05-05T07:38:22","date_gmt":"2025-05-05T07:38:22","guid":{"rendered":"https:\/\/tabletik.com\/about\/"},"modified":"2025-06-09T09:02:46","modified_gmt":"2025-06-09T09:02:46","slug":"about","status":"publish","type":"page","link":"https:\/\/tabletik.com\/?page_id=107","title":{"rendered":"Sobre nosotros"},"content":{"rendered":"\n<div class=\"wp-block-uagb-container uagb-block-8de9c239 alignfull uagb-is-root-container\"><div class=\"uagb-container-inner-blocks-wrap\">\n<div class=\"wp-block-uagb-advanced-heading uagb-block-99148d6e\"><h1 class=\"uagb-heading-text\">\u00bfquienes somos?<\/h1><\/div>\n<\/div><\/div>\n\n\n\n<div class=\"wp-block-uagb-container uagb-block-c1107f9e alignfull uagb-is-root-container\"><div class=\"uagb-container-inner-blocks-wrap\">\n<div class=\"wp-block-group is-nowrap is-layout-flex wp-container-core-group-is-layout-6c531013 wp-block-group-is-layout-flex\">\n<div class=\"wp-block-uagb-image uagb-block-c87c2e84 wp-block-uagb-image--layout-default wp-block-uagb-image--effect-static wp-block-uagb-image--align-none\"><figure class=\"wp-block-uagb-image__figure\"><img loading=\"lazy\" decoding=\"async\" srcset=\"https:\/\/tabletik.com\/wp-content\/uploads\/2025\/05\/g13e81df524af9e6ca978676bc55848469e8af9f19f54d80dc406f6cd98d2c0e0c7c9cfd92f764ed99e150e9fcc2331b42cdbf67c2d50969329f36919d75a9ce1_1280-1516329-1024x678.jpg ,https:\/\/tabletik.com\/wp-content\/uploads\/2025\/05\/g13e81df524af9e6ca978676bc55848469e8af9f19f54d80dc406f6cd98d2c0e0c7c9cfd92f764ed99e150e9fcc2331b42cdbf67c2d50969329f36919d75a9ce1_1280-1516329.jpg 780w, https:\/\/tabletik.com\/wp-content\/uploads\/2025\/05\/g13e81df524af9e6ca978676bc55848469e8af9f19f54d80dc406f6cd98d2c0e0c7c9cfd92f764ed99e150e9fcc2331b42cdbf67c2d50969329f36919d75a9ce1_1280-1516329.jpg 360w\" sizes=\"auto, (max-width: 480px) 150px\" src=\"https:\/\/tabletik.com\/wp-content\/uploads\/2025\/05\/g13e81df524af9e6ca978676bc55848469e8af9f19f54d80dc406f6cd98d2c0e0c7c9cfd92f764ed99e150e9fcc2331b42cdbf67c2d50969329f36919d75a9ce1_1280-1516329-1024x678.jpg\" alt=\"office, boardroom, meeting, table, boardroom meeting, office meeting, business meeting, office, boardroom, boardroom, meeting, meeting, meeting, meeting, meeting, office meeting, business meeting, business meeting, business meeting\" class=\"uag-image-2043\" width=\"1024\" height=\"762\" title=\"g13e81df524af9e6ca978676bc55848469e8af9f19f54d80dc406f6cd98d2c0e0c7c9cfd92f764ed99e150e9fcc2331b42cdbf67c2d50969329f36919d75a9ce1_1280-1516329\" loading=\"lazy\" role=\"img\"\/><\/figure><\/div>\n\n\n\n<div class=\"wp-block-uagb-info-box uagb-block-fc0d3afc uagb-infobox__content-wrap  uagb-infobox-icon-above-title uagb-infobox-image-valign-top\"><div class=\"uagb-ifb-content\"><div class=\"uagb-ifb-title-wrap\"><h2 class=\"uagb-ifb-title\">NUESTRA MISI\u00d3N<\/h2><\/div><p class=\"uagb-ifb-desc\">Nacida en 2025 en Alcobendas, nuestra empresa surge con un prop\u00f3sito claro: ofrecer soluciones s\u00f3lidas y funcionales para puntos de venta modernos. Nos especializamos en la venta de <strong>kioscos vers\u00e1tiles<\/strong>, dise\u00f1ados para optimizar el espacio, mejorar la experiencia del cliente y aportar estabilidad y estilo a cualquier entorno comercial.<br><br>Con un enfoque 100% orientado al cliente, combinamos dise\u00f1o, durabilidad y facilidad de instalaci\u00f3n en cada uno de nuestros productos. Trabajamos con comercios, franquicias y entornos profesionales que valoran la eficiencia sin renunciar a una presentaci\u00f3n cuidada.<br><br>En un mercado en constante evoluci\u00f3n, apostamos por la innovaci\u00f3n y el servicio personalizado, adapt\u00e1ndonos a las necesidades de cada negocio.<\/p><\/div><\/div>\n<\/div>\n<\/div><\/div>\n\n\n\n<div class=\"wp-block-uagb-container uagb-layout-flex uagb-block-c6306452 alignfull uagb-is-root-container\"><div class=\"uagb-container-inner-blocks-wrap\">\n<div class=\"wp-block-uagb-call-to-action uagb-block-f5c2c5f3 wp-block-button\"><div class=\"uagb-cta__wrap\"><h2 class=\"uagb-cta__title\">CONTACTANOS<\/h2><p class=\"uagb-cta__desc\">SI TIENE ALGUNA PREGUNTA, NO DUDE EN CONTACTAR CON NOSOTROS.<\/p><\/div><div class=\"uagb-cta__buttons\"><a href=\"https:\/\/tabletik.com\/?page_id=100\" class=\"uagb-cta__button-link-wrapper wp-block-button__link\" target=\"_self\" rel=\"noopener noreferrer\">CONTACTO<svg xmlns=\"https:\/\/www.w3.org\/2000\/svg\" viewBox=\"0 0 448 512\"><path d=\"M438.6 278.6l-160 160C272.4 444.9 264.2 448 256 448s-16.38-3.125-22.62-9.375c-12.5-12.5-12.5-32.75 0-45.25L338.8 288H32C14.33 288 .0016 273.7 .0016 256S14.33 224 32 224h306.8l-105.4-105.4c-12.5-12.5-12.5-32.75 0-45.25s32.75-12.5 45.25 0l160 160C451.1 245.9 451.1 266.1 438.6 278.6z\"><\/path><\/svg><\/a><\/div><\/div>\n<\/div><\/div>\n\n\n\n<div class=\"wp-block-uagb-buttons uagb-buttons__outer-wrap uagb-btn__default-btn uagb-btn-tablet__default-btn uagb-btn-mobile__default-btn uagb-block-03727c06\"><div class=\"uagb-buttons__wrap uagb-buttons-layout-wrap \">\n<div class=\"wp-block-uagb-buttons-child uagb-buttons__outer-wrap uagb-block-8c4f331e wp-block-button\"><div class=\"uagb-button__wrapper\"><a class=\"uagb-buttons-repeater wp-block-button__link\" aria-label=\"\" href=\"https:\/\/www.internetkioskos.com\/producto\/kiosko-ikpf\/\" rel=\"follow noopener\" target=\"_self\" role=\"button\"><div class=\"uagb-button__link\">Click Here<\/div><\/a><\/div><\/div>\n<\/div><\/div>\n\n\n\n<p><\/p>\n","protected":false},"excerpt":{"rendered":"<p>\u00bfquienes somos?<\/p>\n","protected":false},"author":2,"featured_media":0,"parent":0,"menu_order":0,"comment_status":"closed","ping_status":"closed","template":"","meta":{"_uag_custom_page_level_css":"","site-sidebar-layout":"default","site-content-layout":"","ast-site-content-layout":"default","site-content-style":"default","site-sidebar-style":"default","ast-global-header-display":"","ast-banner-title-visibility":"","ast-main-header-display":"","ast-hfb-above-header-display":"","ast-hfb-below-header-display":"","ast-hfb-mobile-header-display":"","site-post-title":"disabled","ast-breadcrumbs-content":"","ast-featured-img":"","footer-sml-layout":"","theme-transparent-header-meta":"enabled","adv-header-id-meta":"","stick-header-meta":"","header-above-stick-meta":"","header-main-stick-meta":"","header-below-stick-meta":"","astra-migrate-meta-layouts":"set","ast-page-background-enabled":"default","ast-page-background-meta":{"desktop":{"background-color":"var(--ast-global-color-4)","background-image":"","background-repeat":"repeat","background-position":"center center","background-size":"auto","background-attachment":"scroll","background-type":"","background-media":"","overlay-type":"","overlay-color":"","overlay-opacity":"","overlay-gradient":""},"tablet":{"background-color":"","background-image":"","background-repeat":"repeat","background-position":"center center","background-size":"auto","background-attachment":"scroll","background-type":"","background-media":"","overlay-type":"","overlay-color":"","overlay-opacity":"","overlay-gradient":""},"mobile":{"background-color":"","background-image":"","background-repeat":"repeat","background-position":"center center","background-size":"auto","background-attachment":"scroll","background-type":"","background-media":"","overlay-type":"","overlay-color":"","overlay-opacity":"","overlay-gradient":""}},"ast-content-background-meta":{"desktop":{"background-color":"var(--ast-global-color-5)","background-image":"","background-repeat":"repeat","background-position":"center center","background-size":"auto","background-attachment":"scroll","background-type":"","background-media":"","overlay-type":"","overlay-color":"","overlay-opacity":"","overlay-gradient":""},"tablet":{"background-color":"var(--ast-global-color-5)","background-image":"","background-repeat":"repeat","background-position":"center center","background-size":"auto","background-attachment":"scroll","background-type":"","background-media":"","overlay-type":"","overlay-color":"","overlay-opacity":"","overlay-gradient":""},"mobile":{"background-color":"var(--ast-global-color-5)","background-image":"","background-repeat":"repeat","background-position":"center center","background-size":"auto","background-attachment":"scroll","background-type":"","background-media":"","overlay-type":"","overlay-color":"","overlay-opacity":"","overlay-gradient":""}},"footnotes":""},"class_list":["post-107","page","type-page","status-publish","hentry"],"yoast_head":"<!-- This site is optimized with the Yoast SEO plugin v25.2 - https:\/\/yoast.com\/wordpress\/plugins\/seo\/ -->\n<title>Sobre nosotros - Tabletik<\/title>\n<meta name=\"description\" content=\"Sobre la empresa Tabletik, y su kiosco dedicado a la venta de entradas y gesti\u00f3n de colas de alta calidad.\" \/>\n<meta name=\"robots\" content=\"index, follow, max-snippet:-1, max-image-preview:large, max-video-preview:-1\" \/>\n<link rel=\"canonical\" href=\"https:\/\/tabletik.com\/?page_id=107\" \/>\n<meta property=\"og:locale\" content=\"es_ES\" \/>\n<meta property=\"og:type\" content=\"article\" \/>\n<meta property=\"og:title\" content=\"Sobre nosotros - Tabletik\" \/>\n<meta property=\"og:description\" content=\"Sobre la empresa Tabletik, y su kiosco dedicado a la venta de entradas y gesti\u00f3n de colas de alta calidad.\" \/>\n<meta property=\"og:url\" content=\"https:\/\/tabletik.com\/?page_id=107\" \/>\n<meta property=\"og:site_name\" content=\"Tabletik\" \/>\n<meta property=\"article:modified_time\" content=\"2025-06-09T09:02:46+00:00\" \/>\n<meta property=\"og:image\" content=\"https:\/\/tabletik.com\/wp-content\/uploads\/2025\/05\/g13e81df524af9e6ca978676bc55848469e8af9f19f54d80dc406f6cd98d2c0e0c7c9cfd92f764ed99e150e9fcc2331b42cdbf67c2d50969329f36919d75a9ce1_1280-1516329-1024x678.jpg\" \/>\n<meta name=\"twitter:card\" content=\"summary_large_image\" \/>\n<meta name=\"twitter:label1\" content=\"Tiempo de lectura\" \/>\n\t<meta name=\"twitter:data1\" content=\"1 minuto\" \/>\n<script type=\"application\/ld+json\" class=\"yoast-schema-graph\">{\"@context\":\"https:\/\/schema.org\",\"@graph\":[{\"@type\":\"WebPage\",\"@id\":\"https:\/\/tabletik.com\/?page_id=107\",\"url\":\"https:\/\/tabletik.com\/?page_id=107\",\"name\":\"Sobre nosotros - Tabletik\",\"isPartOf\":{\"@id\":\"https:\/\/tabletik.com\/#website\"},\"primaryImageOfPage\":{\"@id\":\"https:\/\/tabletik.com\/?page_id=107#primaryimage\"},\"image\":{\"@id\":\"https:\/\/tabletik.com\/?page_id=107#primaryimage\"},\"thumbnailUrl\":\"https:\/\/tabletik.com\/wp-content\/uploads\/2025\/05\/g13e81df524af9e6ca978676bc55848469e8af9f19f54d80dc406f6cd98d2c0e0c7c9cfd92f764ed99e150e9fcc2331b42cdbf67c2d50969329f36919d75a9ce1_1280-1516329-1024x678.jpg\",\"datePublished\":\"2025-05-05T07:38:22+00:00\",\"dateModified\":\"2025-06-09T09:02:46+00:00\",\"description\":\"Sobre la empresa Tabletik, y su kiosco dedicado a la venta de entradas y gesti\u00f3n de colas de alta calidad.\",\"breadcrumb\":{\"@id\":\"https:\/\/tabletik.com\/?page_id=107#breadcrumb\"},\"inLanguage\":\"es\",\"potentialAction\":[{\"@type\":\"ReadAction\",\"target\":[\"https:\/\/tabletik.com\/?page_id=107\"]}]},{\"@type\":\"ImageObject\",\"inLanguage\":\"es\",\"@id\":\"https:\/\/tabletik.com\/?page_id=107#primaryimage\",\"url\":\"https:\/\/tabletik.com\/wp-content\/uploads\/2025\/05\/g13e81df524af9e6ca978676bc55848469e8af9f19f54d80dc406f6cd98d2c0e0c7c9cfd92f764ed99e150e9fcc2331b42cdbf67c2d50969329f36919d75a9ce1_1280-1516329-1024x678.jpg\",\"contentUrl\":\"https:\/\/tabletik.com\/wp-content\/uploads\/2025\/05\/g13e81df524af9e6ca978676bc55848469e8af9f19f54d80dc406f6cd98d2c0e0c7c9cfd92f764ed99e150e9fcc2331b42cdbf67c2d50969329f36919d75a9ce1_1280-1516329-1024x678.jpg\"},{\"@type\":\"BreadcrumbList\",\"@id\":\"https:\/\/tabletik.com\/?page_id=107#breadcrumb\",\"itemListElement\":[{\"@type\":\"ListItem\",\"position\":1,\"name\":\"Home\",\"item\":\"https:\/\/tabletik.com\/\"},{\"@type\":\"ListItem\",\"position\":2,\"name\":\"Sobre nosotros\"}]},{\"@type\":\"WebSite\",\"@id\":\"https:\/\/tabletik.com\/#website\",\"url\":\"https:\/\/tabletik.com\/\",\"name\":\"Tabletik\",\"description\":\"TABLETIK\",\"publisher\":{\"@id\":\"https:\/\/tabletik.com\/#organization\"},\"potentialAction\":[{\"@type\":\"SearchAction\",\"target\":{\"@type\":\"EntryPoint\",\"urlTemplate\":\"https:\/\/tabletik.com\/?s={search_term_string}\"},\"query-input\":{\"@type\":\"PropertyValueSpecification\",\"valueRequired\":true,\"valueName\":\"search_term_string\"}}],\"inLanguage\":\"es\"},{\"@type\":\"Organization\",\"@id\":\"https:\/\/tabletik.com\/#organization\",\"name\":\"Tabletik\",\"url\":\"https:\/\/tabletik.com\/\",\"logo\":{\"@type\":\"ImageObject\",\"inLanguage\":\"es\",\"@id\":\"https:\/\/tabletik.com\/#\/schema\/logo\/image\/\",\"url\":\"https:\/\/tabletik.com\/wp-content\/uploads\/2025\/05\/TABLETIK.svg\",\"contentUrl\":\"https:\/\/tabletik.com\/wp-content\/uploads\/2025\/05\/TABLETIK.svg\",\"width\":364,\"height\":45,\"caption\":\"Tabletik\"},\"image\":{\"@id\":\"https:\/\/tabletik.com\/#\/schema\/logo\/image\/\"}}]}<\/script>\n<!-- \/ Yoast SEO plugin. -->","yoast_head_json":{"title":"Sobre nosotros - Tabletik","description":"Sobre la empresa Tabletik, y su kiosco dedicado a la venta de entradas y gesti\u00f3n de colas de alta calidad.","robots":{"index":"index","follow":"follow","max-snippet":"max-snippet:-1","max-image-preview":"max-image-preview:large","max-video-preview":"max-video-preview:-1"},"canonical":"https:\/\/tabletik.com\/?page_id=107","og_locale":"es_ES","og_type":"article","og_title":"Sobre nosotros - Tabletik","og_description":"Sobre la empresa Tabletik, y su kiosco dedicado a la venta de entradas y gesti\u00f3n de colas de alta calidad.","og_url":"https:\/\/tabletik.com\/?page_id=107","og_site_name":"Tabletik","article_modified_time":"2025-06-09T09:02:46+00:00","og_image":[{"url":"https:\/\/tabletik.com\/wp-content\/uploads\/2025\/05\/g13e81df524af9e6ca978676bc55848469e8af9f19f54d80dc406f6cd98d2c0e0c7c9cfd92f764ed99e150e9fcc2331b42cdbf67c2d50969329f36919d75a9ce1_1280-1516329-1024x678.jpg","type":"","width":"","height":""}],"twitter_card":"summary_large_image","twitter_misc":{"Tiempo de lectura":"1 minuto"},"schema":{"@context":"https:\/\/schema.org","@graph":[{"@type":"WebPage","@id":"https:\/\/tabletik.com\/?page_id=107","url":"https:\/\/tabletik.com\/?page_id=107","name":"Sobre nosotros - Tabletik","isPartOf":{"@id":"https:\/\/tabletik.com\/#website"},"primaryImageOfPage":{"@id":"https:\/\/tabletik.com\/?page_id=107#primaryimage"},"image":{"@id":"https:\/\/tabletik.com\/?page_id=107#primaryimage"},"thumbnailUrl":"https:\/\/tabletik.com\/wp-content\/uploads\/2025\/05\/g13e81df524af9e6ca978676bc55848469e8af9f19f54d80dc406f6cd98d2c0e0c7c9cfd92f764ed99e150e9fcc2331b42cdbf67c2d50969329f36919d75a9ce1_1280-1516329-1024x678.jpg","datePublished":"2025-05-05T07:38:22+00:00","dateModified":"2025-06-09T09:02:46+00:00","description":"Sobre la empresa Tabletik, y su kiosco dedicado a la venta de entradas y gesti\u00f3n de colas de alta calidad.","breadcrumb":{"@id":"https:\/\/tabletik.com\/?page_id=107#breadcrumb"},"inLanguage":"es","potentialAction":[{"@type":"ReadAction","target":["https:\/\/tabletik.com\/?page_id=107"]}]},{"@type":"ImageObject","inLanguage":"es","@id":"https:\/\/tabletik.com\/?page_id=107#primaryimage","url":"https:\/\/tabletik.com\/wp-content\/uploads\/2025\/05\/g13e81df524af9e6ca978676bc55848469e8af9f19f54d80dc406f6cd98d2c0e0c7c9cfd92f764ed99e150e9fcc2331b42cdbf67c2d50969329f36919d75a9ce1_1280-1516329-1024x678.jpg","contentUrl":"https:\/\/tabletik.com\/wp-content\/uploads\/2025\/05\/g13e81df524af9e6ca978676bc55848469e8af9f19f54d80dc406f6cd98d2c0e0c7c9cfd92f764ed99e150e9fcc2331b42cdbf67c2d50969329f36919d75a9ce1_1280-1516329-1024x678.jpg"},{"@type":"BreadcrumbList","@id":"https:\/\/tabletik.com\/?page_id=107#breadcrumb","itemListElement":[{"@type":"ListItem","position":1,"name":"Home","item":"https:\/\/tabletik.com\/"},{"@type":"ListItem","position":2,"name":"Sobre nosotros"}]},{"@type":"WebSite","@id":"https:\/\/tabletik.com\/#website","url":"https:\/\/tabletik.com\/","name":"Tabletik","description":"TABLETIK","publisher":{"@id":"https:\/\/tabletik.com\/#organization"},"potentialAction":[{"@type":"SearchAction","target":{"@type":"EntryPoint","urlTemplate":"https:\/\/tabletik.com\/?s={search_term_string}"},"query-input":{"@type":"PropertyValueSpecification","valueRequired":true,"valueName":"search_term_string"}}],"inLanguage":"es"},{"@type":"Organization","@id":"https:\/\/tabletik.com\/#organization","name":"Tabletik","url":"https:\/\/tabletik.com\/","logo":{"@type":"ImageObject","inLanguage":"es","@id":"https:\/\/tabletik.com\/#\/schema\/logo\/image\/","url":"https:\/\/tabletik.com\/wp-content\/uploads\/2025\/05\/TABLETIK.svg","contentUrl":"https:\/\/tabletik.com\/wp-content\/uploads\/2025\/05\/TABLETIK.svg","width":364,"height":45,"caption":"Tabletik"},"image":{"@id":"https:\/\/tabletik.com\/#\/schema\/logo\/image\/"}}]}},"uagb_featured_image_src":{"full":false,"thumbnail":false,"medium":false,"medium_large":false,"large":false,"1536x1536":false,"2048x2048":false},"uagb_author_info":{"display_name":"Internet Kioscos","author_link":"https:\/\/tabletik.com\/?author=2"},"uagb_comment_info":0,"uagb_excerpt":"\u00bfquienes somos?","_links":{"self":[{"href":"https:\/\/tabletik.com\/index.php?rest_route=\/wp\/v2\/pages\/107","targetHints":{"allow":["GET"]}}],"collection":[{"href":"https:\/\/tabletik.com\/index.php?rest_route=\/wp\/v2\/pages"}],"about":[{"href":"https:\/\/tabletik.com\/index.php?rest_route=\/wp\/v2\/types\/page"}],"author":[{"embeddable":true,"href":"https:\/\/tabletik.com\/index.php?rest_route=\/wp\/v2\/users\/2"}],"replies":[{"embeddable":true,"href":"https:\/\/tabletik.com\/index.php?rest_route=%2Fwp%2Fv2%2Fcomments&post=107"}],"version-history":[{"count":8,"href":"https:\/\/tabletik.com\/index.php?rest_route=\/wp\/v2\/pages\/107\/revisions"}],"predecessor-version":[{"id":3027,"href":"https:\/\/tabletik.com\/index.php?rest_route=\/wp\/v2\/pages\/107\/revisions\/3027"}],"wp:attachment":[{"href":"https:\/\/tabletik.com\/index.php?rest_route=%2Fwp%2Fv2%2Fmedia&parent=107"}],"curies":[{"name":"wp","href":"https:\/\/api.w.org\/{rel}","templated":true}]}}